{"id":3019,"date":"2025-02-11T11:03:23","date_gmt":"2025-02-11T10:03:23","guid":{"rendered":"https:\/\/prisco.motive.ink\/?page_id=3019"},"modified":"2025-04-10T21:08:19","modified_gmt":"2025-04-10T19:08:19","slug":"menu-prisco-a-cava","status":"publish","type":"page","link":"https:\/\/prisco.motive.ink\/en\/prisco-menu-in-cava\/","title":{"rendered":"Prisco Menu in Cava"},"content":{"rendered":"","protected":false},"excerpt":{"rendered":"","protected":false},"author":1,"featured_media":3030,"parent":0,"menu_order":0,"comment_status":"closed","ping_status":"closed","template":"","meta":{"footnotes":""},"class_list":["post-3019","page","type-page","status-publish","format-standard","has-post-thumbnail","hentry"],"yoast_head":"<!-- This site is optimized with the Yoast SEO plugin v24.8.1 - https:\/\/yoast.com\/wordpress\/plugins\/seo\/ -->\n<title>Menu Prisco a Cava - Pizza Prisco<\/title>\n<meta name=\"robots\" content=\"index, follow, max-snippet:-1, max-image-preview:large, max-video-preview:-1\" \/>\n<link rel=\"canonical\" href=\"https:\/\/prisco.motive.ink\/en\/prisco-menu-in-cava\/\" \/>\n<meta property=\"og:locale\" content=\"en_GB\" \/>\n<meta property=\"og:type\" content=\"article\" \/>\n<meta property=\"og:title\" content=\"Menu Prisco a Cava - Pizza Prisco\" \/>\n<meta property=\"og:url\" content=\"https:\/\/prisco.motive.ink\/en\/prisco-menu-in-cava\/\" \/>\n<meta property=\"og:site_name\" content=\"Pizza Prisco\" \/>\n<meta property=\"article:publisher\" content=\"https:\/\/www.facebook.com\/profile.php?id=61556349261229\" \/>\n<meta property=\"article:modified_time\" content=\"2025-04-10T19:08:19+00:00\" \/>\n<meta property=\"og:image\" content=\"https:\/\/prisco.motive.ink\/wp-content\/uploads\/2025\/02\/0H8A2061.jpg\" \/>\n\t<meta property=\"og:image:width\" content=\"1267\" \/>\n\t<meta property=\"og:image:height\" content=\"1900\" \/>\n\t<meta property=\"og:image:type\" content=\"image\/jpeg\" \/>\n<meta name=\"twitter:card\" content=\"summary_large_image\" \/>\n<meta name=\"twitter:label1\" content=\"Estimated reading time\" \/>\n\t<meta name=\"twitter:data1\" content=\"1 minute\" \/>\n<script type=\"application\/ld+json\" class=\"yoast-schema-graph\">{\"@context\":\"https:\/\/schema.org\",\"@graph\":[{\"@type\":\"WebPage\",\"@id\":\"https:\/\/prisco.motive.ink\/menu-prisco-a-cava\/\",\"url\":\"https:\/\/prisco.motive.ink\/menu-prisco-a-cava\/\",\"name\":\"Menu Prisco a Cava - Pizza Prisco\",\"isPartOf\":{\"@id\":\"https:\/\/prisco.motive.ink\/#website\"},\"primaryImageOfPage\":{\"@id\":\"https:\/\/prisco.motive.ink\/menu-prisco-a-cava\/#primaryimage\"},\"image\":{\"@id\":\"https:\/\/prisco.motive.ink\/menu-prisco-a-cava\/#primaryimage\"},\"thumbnailUrl\":\"https:\/\/prisco.motive.ink\/wp-content\/uploads\/2025\/02\/0H8A2061.jpg\",\"datePublished\":\"2025-02-11T10:03:23+00:00\",\"dateModified\":\"2025-04-10T19:08:19+00:00\",\"breadcrumb\":{\"@id\":\"https:\/\/prisco.motive.ink\/menu-prisco-a-cava\/#breadcrumb\"},\"inLanguage\":\"en-GB\",\"potentialAction\":[{\"@type\":\"ReadAction\",\"target\":[\"https:\/\/prisco.motive.ink\/menu-prisco-a-cava\/\"]}]},{\"@type\":\"ImageObject\",\"inLanguage\":\"en-GB\",\"@id\":\"https:\/\/prisco.motive.ink\/menu-prisco-a-cava\/#primaryimage\",\"url\":\"https:\/\/prisco.motive.ink\/wp-content\/uploads\/2025\/02\/0H8A2061.jpg\",\"contentUrl\":\"https:\/\/prisco.motive.ink\/wp-content\/uploads\/2025\/02\/0H8A2061.jpg\",\"width\":1267,\"height\":1900},{\"@type\":\"BreadcrumbList\",\"@id\":\"https:\/\/prisco.motive.ink\/menu-prisco-a-cava\/#breadcrumb\",\"itemListElement\":[{\"@type\":\"ListItem\",\"position\":1,\"name\":\"Home\",\"item\":\"https:\/\/prisco.motive.ink\/\"},{\"@type\":\"ListItem\",\"position\":2,\"name\":\"Menu Prisco a Cava\"}]},{\"@type\":\"WebSite\",\"@id\":\"https:\/\/prisco.motive.ink\/#website\",\"url\":\"https:\/\/prisco.motive.ink\/\",\"name\":\"jocarestaurant\",\"description\":\"Pizza verace cilento napoletana\",\"publisher\":{\"@id\":\"https:\/\/prisco.motive.ink\/#organization\"},\"potentialAction\":[{\"@type\":\"SearchAction\",\"target\":{\"@type\":\"EntryPoint\",\"urlTemplate\":\"https:\/\/prisco.motive.ink\/?s={search_term_string}\"},\"query-input\":{\"@type\":\"PropertyValueSpecification\",\"valueRequired\":true,\"valueName\":\"search_term_string\"}}],\"inLanguage\":\"en-GB\"},{\"@type\":\"Organization\",\"@id\":\"https:\/\/prisco.motive.ink\/#organization\",\"name\":\"Joca\",\"url\":\"https:\/\/prisco.motive.ink\/\",\"logo\":{\"@type\":\"ImageObject\",\"inLanguage\":\"en-GB\",\"@id\":\"https:\/\/prisco.motive.ink\/#\/schema\/logo\/image\/\",\"url\":\"https:\/\/prisco.motive.ink\/wp-content\/uploads\/2024\/02\/joca-asset-logo-00006.svg\",\"contentUrl\":\"https:\/\/prisco.motive.ink\/wp-content\/uploads\/2024\/02\/joca-asset-logo-00006.svg\",\"width\":1,\"height\":1,\"caption\":\"Joca\"},\"image\":{\"@id\":\"https:\/\/prisco.motive.ink\/#\/schema\/logo\/image\/\"},\"sameAs\":[\"https:\/\/www.facebook.com\/profile.php?id=61556349261229\",\"https:\/\/www.instagram.com\/joca.restaurant\/\"]}]}<\/script>\n<!-- \/ Yoast SEO plugin. -->","yoast_head_json":{"title":"Menu Prisco a Cava - Pizza Prisco","robots":{"index":"index","follow":"follow","max-snippet":"max-snippet:-1","max-image-preview":"max-image-preview:large","max-video-preview":"max-video-preview:-1"},"canonical":"https:\/\/prisco.motive.ink\/en\/prisco-menu-in-cava\/","og_locale":"en_GB","og_type":"article","og_title":"Menu Prisco a Cava - Pizza Prisco","og_url":"https:\/\/prisco.motive.ink\/en\/prisco-menu-in-cava\/","og_site_name":"Pizza Prisco","article_publisher":"https:\/\/www.facebook.com\/profile.php?id=61556349261229","article_modified_time":"2025-04-10T19:08:19+00:00","og_image":[{"width":1267,"height":1900,"url":"https:\/\/prisco.motive.ink\/wp-content\/uploads\/2025\/02\/0H8A2061.jpg","type":"image\/jpeg"}],"twitter_card":"summary_large_image","twitter_misc":{"Estimated reading time":"1 minute"},"schema":{"@context":"https:\/\/schema.org","@graph":[{"@type":"WebPage","@id":"https:\/\/prisco.motive.ink\/menu-prisco-a-cava\/","url":"https:\/\/prisco.motive.ink\/menu-prisco-a-cava\/","name":"Menu Prisco a Cava - Pizza Prisco","isPartOf":{"@id":"https:\/\/prisco.motive.ink\/#website"},"primaryImageOfPage":{"@id":"https:\/\/prisco.motive.ink\/menu-prisco-a-cava\/#primaryimage"},"image":{"@id":"https:\/\/prisco.motive.ink\/menu-prisco-a-cava\/#primaryimage"},"thumbnailUrl":"https:\/\/prisco.motive.ink\/wp-content\/uploads\/2025\/02\/0H8A2061.jpg","datePublished":"2025-02-11T10:03:23+00:00","dateModified":"2025-04-10T19:08:19+00:00","breadcrumb":{"@id":"https:\/\/prisco.motive.ink\/menu-prisco-a-cava\/#breadcrumb"},"inLanguage":"en-GB","potentialAction":[{"@type":"ReadAction","target":["https:\/\/prisco.motive.ink\/menu-prisco-a-cava\/"]}]},{"@type":"ImageObject","inLanguage":"en-GB","@id":"https:\/\/prisco.motive.ink\/menu-prisco-a-cava\/#primaryimage","url":"https:\/\/prisco.motive.ink\/wp-content\/uploads\/2025\/02\/0H8A2061.jpg","contentUrl":"https:\/\/prisco.motive.ink\/wp-content\/uploads\/2025\/02\/0H8A2061.jpg","width":1267,"height":1900},{"@type":"BreadcrumbList","@id":"https:\/\/prisco.motive.ink\/menu-prisco-a-cava\/#breadcrumb","itemListElement":[{"@type":"ListItem","position":1,"name":"Home","item":"https:\/\/prisco.motive.ink\/"},{"@type":"ListItem","position":2,"name":"Menu Prisco a Cava"}]},{"@type":"WebSite","@id":"https:\/\/prisco.motive.ink\/#website","url":"https:\/\/prisco.motive.ink\/","name":"jocarestaurant","description":"Pizza verace cilento napoletana","publisher":{"@id":"https:\/\/prisco.motive.ink\/#organization"},"potentialAction":[{"@type":"SearchAction","target":{"@type":"EntryPoint","urlTemplate":"https:\/\/prisco.motive.ink\/?s={search_term_string}"},"query-input":{"@type":"PropertyValueSpecification","valueRequired":true,"valueName":"search_term_string"}}],"inLanguage":"en-GB"},{"@type":"Organization","@id":"https:\/\/prisco.motive.ink\/#organization","name":"Joca","url":"https:\/\/prisco.motive.ink\/","logo":{"@type":"ImageObject","inLanguage":"en-GB","@id":"https:\/\/prisco.motive.ink\/#\/schema\/logo\/image\/","url":"https:\/\/prisco.motive.ink\/wp-content\/uploads\/2024\/02\/joca-asset-logo-00006.svg","contentUrl":"https:\/\/prisco.motive.ink\/wp-content\/uploads\/2024\/02\/joca-asset-logo-00006.svg","width":1,"height":1,"caption":"Joca"},"image":{"@id":"https:\/\/prisco.motive.ink\/#\/schema\/logo\/image\/"},"sameAs":["https:\/\/www.facebook.com\/profile.php?id=61556349261229","https:\/\/www.instagram.com\/joca.restaurant\/"]}]}},"meta_box":{"id_di_fluent_form":"","seleziona_logo":"Standard","colore_dinamico_basic_a":"Prefedinito","colore_dinamico_basic_b":"Prefedinito","colore_sfondo_basic":"var(--white)","frase_1_basic":"La cucina \u00e8 una questione di famiglia tra pentole e amore e fantasia","frase_2_basic":"Ogni piatto \u00e8 un abbraccio di casa: il calore del forno, il profumo del basilico e la genuinit\u00e0 degli ingredienti. Lasciati tentare dalle nostre specialit\u00e0, dalle pizze fragranti ai panini gustosi, passando per sapori autentici che raccontano la nostra terra.","frase_3_basic":"Se hai intolleranze o segui una dieta specifica, seleziona senza glutine. Se non hai particolari restrizioni, puoi scegliere con glutine.","immagine_basic":[{"filesize":561,"ID":"3012","name":"Prisco-asset-web-00024.svg","path":"\/home\/motive\/webapps\/prisco-motive-ink\/wp-content\/uploads\/2025\/02\/Prisco-asset-web-00024.svg","url":"https:\/\/prisco.motive.ink\/wp-content\/uploads\/2025\/02\/Prisco-asset-web-00024.svg","full_url":"https:\/\/prisco.motive.ink\/wp-content\/uploads\/2025\/02\/Prisco-asset-web-00024.svg","title":"Prisco asset web 00024","caption":"","description":"","alt":"","srcset":false,"width":1,"height":1}],"mostra_slide_header":"0","gruppo_slide_header":[],"mostra_sezione_box":"0","gruppo_box_basic":[],"mostra_sezione_link_download":"0","gruppo_link_basic_it":[],"gruppo_link_basic_en":[],"gruppo_download_it":[],"gruppo_download_en":[],"mostra_sezione_galleria_video":"0","galleria_video_basic":[],"mostra_sezione_gallery":"0","gallery_basic":[],"mostra_sezione_immagine_full":"0","immagine_full_basic":[],"testo_link_immagine_full_basic":"","url_link_immagine_full_basic":"","frase_immagine_full_basic":"","mostra_banner_basic":"0","gruppo_banner_1_basic":[],"gruppo_banner_2_basic":[],"immagine_grafica_1":[{"filesize":561,"ID":"3012","name":"Prisco-asset-web-00024.svg","path":"\/home\/motive\/webapps\/prisco-motive-ink\/wp-content\/uploads\/2025\/02\/Prisco-asset-web-00024.svg","url":"https:\/\/prisco.motive.ink\/wp-content\/uploads\/2025\/02\/Prisco-asset-web-00024.svg","full_url":"https:\/\/prisco.motive.ink\/wp-content\/uploads\/2025\/02\/Prisco-asset-web-00024.svg","title":"Prisco asset web 00024","caption":"","description":"","alt":"","srcset":false,"width":1,"height":1}],"immagine_grafica_2":[{"filesize":445,"ID":"3016","name":"Prisco-asset-web-00028.svg","path":"\/home\/motive\/webapps\/prisco-motive-ink\/wp-content\/uploads\/2025\/02\/Prisco-asset-web-00028.svg","url":"https:\/\/prisco.motive.ink\/wp-content\/uploads\/2025\/02\/Prisco-asset-web-00028.svg","full_url":"https:\/\/prisco.motive.ink\/wp-content\/uploads\/2025\/02\/Prisco-asset-web-00028.svg","title":"Prisco asset web 00028","caption":"","description":"","alt":"","srcset":false,"width":1,"height":1}],"immagine_grafica_3":[{"width":150,"height":150,"file":"2025\/02\/0H8A9687.jpg","filesize":343168,"sizes":{"medium":{"file":"0H8A9687-200x300.jpg","width":200,"height":300,"mime-type":"image\/jpeg","filesize":15142,"url":"https:\/\/prisco.motive.ink\/wp-content\/uploads\/2025\/02\/0H8A9687-200x300.jpg"},"large":{"file":"0H8A9687-720x1080.jpg","width":720,"height":1080,"mime-type":"image\/jpeg","filesize":115429,"url":"https:\/\/prisco.motive.ink\/wp-content\/uploads\/2025\/02\/0H8A9687-720x1080.jpg"},"thumbnail":{"file":"0H8A9687-150x150.jpg","width":150,"height":150,"mime-type":"image\/jpeg","filesize":7269,"url":"https:\/\/prisco.motive.ink\/wp-content\/uploads\/2025\/02\/0H8A9687-150x150.jpg"},"medium_large":{"file":"0H8A9687-768x1152.jpg","width":768,"height":1152,"mime-type":"image\/jpeg","filesize":127737,"url":"https:\/\/prisco.motive.ink\/wp-content\/uploads\/2025\/02\/0H8A9687-768x1152.jpg"},"1536x1536":{"file":"0H8A9687-1024x1536.jpg","width":1024,"height":1536,"mime-type":"image\/jpeg","filesize":198762,"url":"https:\/\/prisco.motive.ink\/wp-content\/uploads\/2025\/02\/0H8A9687-1024x1536.jpg"},"trp-custom-language-flag":{"file":"0H8A9687-8x12.jpg","width":8,"height":12,"mime-type":"image\/jpeg","filesize":749,"url":"https:\/\/prisco.motive.ink\/wp-content\/uploads\/2025\/02\/0H8A9687-8x12.jpg"}},"image_meta":{"aperture":"5","credit":"","camera":"Canon EOS R5","caption":"","created_timestamp":"1699017351","copyright":"","focal_length":"100","iso":"125","shutter_speed":"0.01","title":"","orientation":"0","keywords":[]},"ID":"3036","name":"0H8A9687.jpg","path":"\/home\/motive\/webapps\/prisco-motive-ink\/wp-content\/uploads\/2025\/02\/0H8A9687.jpg","url":"https:\/\/prisco.motive.ink\/wp-content\/uploads\/2025\/02\/0H8A9687-150x150.jpg","full_url":"https:\/\/prisco.motive.ink\/wp-content\/uploads\/2025\/02\/0H8A9687.jpg","title":"0H8A9687","caption":"","description":"","alt":"","srcset":false}],"immagine_grafica_4":[{"filesize":449,"ID":"3015","name":"Prisco-asset-web-00027.svg","path":"\/home\/motive\/webapps\/prisco-motive-ink\/wp-content\/uploads\/2025\/02\/Prisco-asset-web-00027.svg","url":"https:\/\/prisco.motive.ink\/wp-content\/uploads\/2025\/02\/Prisco-asset-web-00027.svg","full_url":"https:\/\/prisco.motive.ink\/wp-content\/uploads\/2025\/02\/Prisco-asset-web-00027.svg","title":"Prisco asset web 00027","caption":"","description":"","alt":"","srcset":false,"width":1,"height":1}],"articoli_da_mostrare":"","pagina-pagina_to":["35"],"pagina-articolo_to":[]},"_links":{"self":[{"href":"https:\/\/prisco.motive.ink\/en\/wp-json\/wp\/v2\/pages\/3019","targetHints":{"allow":["GET"]}}],"collection":[{"href":"https:\/\/prisco.motive.ink\/en\/wp-json\/wp\/v2\/pages"}],"about":[{"href":"https:\/\/prisco.motive.ink\/en\/wp-json\/wp\/v2\/types\/page"}],"author":[{"embeddable":true,"href":"https:\/\/prisco.motive.ink\/en\/wp-json\/wp\/v2\/users\/1"}],"replies":[{"embeddable":true,"href":"https:\/\/prisco.motive.ink\/en\/wp-json\/wp\/v2\/comments?post=3019"}],"version-history":[{"count":2,"href":"https:\/\/prisco.motive.ink\/en\/wp-json\/wp\/v2\/pages\/3019\/revisions"}],"predecessor-version":[{"id":3151,"href":"https:\/\/prisco.motive.ink\/en\/wp-json\/wp\/v2\/pages\/3019\/revisions\/3151"}],"wp:featuredmedia":[{"embeddable":true,"href":"https:\/\/prisco.motive.ink\/en\/wp-json\/wp\/v2\/media\/3030"}],"wp:attachment":[{"href":"https:\/\/prisco.motive.ink\/en\/wp-json\/wp\/v2\/media?parent=3019"}],"curies":[{"name":"wp","href":"https:\/\/api.w.org\/{rel}","templated":true}]}}