{"id":2640,"date":"2024-06-05T11:18:19","date_gmt":"2024-06-05T09:18:19","guid":{"rendered":"https:\/\/prisco.motive.ink\/?page_id=2640"},"modified":"2025-04-08T19:44:41","modified_gmt":"2025-04-08T17:44:41","slug":"home","status":"publish","type":"page","link":"https:\/\/prisco.motive.ink\/en\/","title":{"rendered":"Home"},"content":{"rendered":"<p>We have learnt that it is not just about eating, it is about telling a story. And we tell it with our hands in the dough and the smell of fresh mozzarella making home. It's not a kitchen, it's family. Inside every dish is mum's oven, dad's basil, and that Vesuvius that watches us from afar and smiles at us.<br>You come, sit down, and let us serve you. We know: it's not hunger, it's a desire to go home.<br>Here, pizza speaks Cilento, sings Neapolitan and embraces you with its heart.<\/p>","protected":false},"excerpt":{"rendered":"<p>Abbiamo imparato che non \u00e8 solo mangiare, \u00e8 raccontare una storia. E noi te la raccontiamo con le mani in pasta e il profumo della [&hellip;]<\/p>","protected":false},"author":1,"featured_media":3023,"parent":0,"menu_order":0,"comment_status":"closed","ping_status":"closed","template":"","meta":{"footnotes":""},"class_list":["post-2640","page","type-page","status-publish","format-standard","has-post-thumbnail","hentry"],"yoast_head":"<!-- This site is optimized with the Yoast SEO plugin v24.8.1 - https:\/\/yoast.com\/wordpress\/plugins\/seo\/ -->\n<title>Home - Pizza Prisco<\/title>\n<meta name=\"robots\" content=\"index, follow, max-snippet:-1, max-image-preview:large, max-video-preview:-1\" \/>\n<link rel=\"canonical\" href=\"https:\/\/prisco.motive.ink\/en\/\" \/>\n<meta property=\"og:locale\" content=\"en_GB\" \/>\n<meta property=\"og:type\" content=\"article\" \/>\n<meta property=\"og:title\" content=\"Home - Pizza Prisco\" \/>\n<meta property=\"og:description\" content=\"Abbiamo imparato che non \u00e8 solo mangiare, \u00e8 raccontare una storia. E noi te la raccontiamo con le mani in pasta e il profumo della [&hellip;]\" \/>\n<meta property=\"og:url\" content=\"https:\/\/prisco.motive.ink\/en\/\" \/>\n<meta property=\"og:site_name\" content=\"Pizza Prisco\" \/>\n<meta property=\"article:publisher\" content=\"https:\/\/www.facebook.com\/profile.php?id=61556349261229\" \/>\n<meta property=\"article:modified_time\" content=\"2025-04-08T17:44:41+00:00\" \/>\n<meta property=\"og:image\" content=\"https:\/\/prisco.motive.ink\/wp-content\/uploads\/2025\/02\/0H8A1551.jpg\" \/>\n\t<meta property=\"og:image:width\" content=\"1267\" \/>\n\t<meta property=\"og:image:height\" content=\"1900\" \/>\n\t<meta property=\"og:image:type\" content=\"image\/jpeg\" \/>\n<meta name=\"twitter:card\" content=\"summary_large_image\" \/>\n<meta name=\"twitter:label1\" content=\"Estimated reading time\" \/>\n\t<meta name=\"twitter:data1\" content=\"1 minute\" \/>\n<script type=\"application\/ld+json\" class=\"yoast-schema-graph\">{\"@context\":\"https:\/\/schema.org\",\"@graph\":[{\"@type\":\"WebPage\",\"@id\":\"https:\/\/prisco.motive.ink\/\",\"url\":\"https:\/\/prisco.motive.ink\/\",\"name\":\"Home - Pizza Prisco\",\"isPartOf\":{\"@id\":\"https:\/\/prisco.motive.ink\/#website\"},\"primaryImageOfPage\":{\"@id\":\"https:\/\/prisco.motive.ink\/#primaryimage\"},\"image\":{\"@id\":\"https:\/\/prisco.motive.ink\/#primaryimage\"},\"thumbnailUrl\":\"https:\/\/prisco.motive.ink\/wp-content\/uploads\/2025\/02\/0H8A1551.jpg\",\"datePublished\":\"2024-06-05T09:18:19+00:00\",\"dateModified\":\"2025-04-08T17:44:41+00:00\",\"breadcrumb\":{\"@id\":\"https:\/\/prisco.motive.ink\/#breadcrumb\"},\"inLanguage\":\"en-GB\",\"potentialAction\":[{\"@type\":\"ReadAction\",\"target\":[\"https:\/\/prisco.motive.ink\/\"]}]},{\"@type\":\"ImageObject\",\"inLanguage\":\"en-GB\",\"@id\":\"https:\/\/prisco.motive.ink\/#primaryimage\",\"url\":\"https:\/\/prisco.motive.ink\/wp-content\/uploads\/2025\/02\/0H8A1551.jpg\",\"contentUrl\":\"https:\/\/prisco.motive.ink\/wp-content\/uploads\/2025\/02\/0H8A1551.jpg\",\"width\":1267,\"height\":1900},{\"@type\":\"BreadcrumbList\",\"@id\":\"https:\/\/prisco.motive.ink\/#breadcrumb\",\"itemListElement\":[{\"@type\":\"ListItem\",\"position\":1,\"name\":\"Home\",\"item\":\"https:\/\/prisco.motive.ink\/\"},{\"@type\":\"ListItem\",\"position\":2,\"name\":\"Home\"}]},{\"@type\":\"WebSite\",\"@id\":\"https:\/\/prisco.motive.ink\/#website\",\"url\":\"https:\/\/prisco.motive.ink\/\",\"name\":\"jocarestaurant\",\"description\":\"Pizza verace cilento napoletana\",\"publisher\":{\"@id\":\"https:\/\/prisco.motive.ink\/#organization\"},\"potentialAction\":[{\"@type\":\"SearchAction\",\"target\":{\"@type\":\"EntryPoint\",\"urlTemplate\":\"https:\/\/prisco.motive.ink\/?s={search_term_string}\"},\"query-input\":{\"@type\":\"PropertyValueSpecification\",\"valueRequired\":true,\"valueName\":\"search_term_string\"}}],\"inLanguage\":\"en-GB\"},{\"@type\":\"Organization\",\"@id\":\"https:\/\/prisco.motive.ink\/#organization\",\"name\":\"Joca\",\"url\":\"https:\/\/prisco.motive.ink\/\",\"logo\":{\"@type\":\"ImageObject\",\"inLanguage\":\"en-GB\",\"@id\":\"https:\/\/prisco.motive.ink\/#\/schema\/logo\/image\/\",\"url\":\"https:\/\/prisco.motive.ink\/wp-content\/uploads\/2024\/02\/joca-asset-logo-00006.svg\",\"contentUrl\":\"https:\/\/prisco.motive.ink\/wp-content\/uploads\/2024\/02\/joca-asset-logo-00006.svg\",\"width\":1,\"height\":1,\"caption\":\"Joca\"},\"image\":{\"@id\":\"https:\/\/prisco.motive.ink\/#\/schema\/logo\/image\/\"},\"sameAs\":[\"https:\/\/www.facebook.com\/profile.php?id=61556349261229\",\"https:\/\/www.instagram.com\/joca.restaurant\/\"]}]}<\/script>\n<!-- \/ Yoast SEO plugin. -->","yoast_head_json":{"title":"Home - Pizza Prisco","robots":{"index":"index","follow":"follow","max-snippet":"max-snippet:-1","max-image-preview":"max-image-preview:large","max-video-preview":"max-video-preview:-1"},"canonical":"https:\/\/prisco.motive.ink\/en\/","og_locale":"en_GB","og_type":"article","og_title":"Home - Pizza Prisco","og_description":"Abbiamo imparato che non \u00e8 solo mangiare, \u00e8 raccontare una storia. E noi te la raccontiamo con le mani in pasta e il profumo della [&hellip;]","og_url":"https:\/\/prisco.motive.ink\/en\/","og_site_name":"Pizza Prisco","article_publisher":"https:\/\/www.facebook.com\/profile.php?id=61556349261229","article_modified_time":"2025-04-08T17:44:41+00:00","og_image":[{"width":1267,"height":1900,"url":"https:\/\/prisco.motive.ink\/wp-content\/uploads\/2025\/02\/0H8A1551.jpg","type":"image\/jpeg"}],"twitter_card":"summary_large_image","twitter_misc":{"Estimated reading time":"1 minute"},"schema":{"@context":"https:\/\/schema.org","@graph":[{"@type":"WebPage","@id":"https:\/\/prisco.motive.ink\/","url":"https:\/\/prisco.motive.ink\/","name":"Home - Pizza Prisco","isPartOf":{"@id":"https:\/\/prisco.motive.ink\/#website"},"primaryImageOfPage":{"@id":"https:\/\/prisco.motive.ink\/#primaryimage"},"image":{"@id":"https:\/\/prisco.motive.ink\/#primaryimage"},"thumbnailUrl":"https:\/\/prisco.motive.ink\/wp-content\/uploads\/2025\/02\/0H8A1551.jpg","datePublished":"2024-06-05T09:18:19+00:00","dateModified":"2025-04-08T17:44:41+00:00","breadcrumb":{"@id":"https:\/\/prisco.motive.ink\/#breadcrumb"},"inLanguage":"en-GB","potentialAction":[{"@type":"ReadAction","target":["https:\/\/prisco.motive.ink\/"]}]},{"@type":"ImageObject","inLanguage":"en-GB","@id":"https:\/\/prisco.motive.ink\/#primaryimage","url":"https:\/\/prisco.motive.ink\/wp-content\/uploads\/2025\/02\/0H8A1551.jpg","contentUrl":"https:\/\/prisco.motive.ink\/wp-content\/uploads\/2025\/02\/0H8A1551.jpg","width":1267,"height":1900},{"@type":"BreadcrumbList","@id":"https:\/\/prisco.motive.ink\/#breadcrumb","itemListElement":[{"@type":"ListItem","position":1,"name":"Home","item":"https:\/\/prisco.motive.ink\/"},{"@type":"ListItem","position":2,"name":"Home"}]},{"@type":"WebSite","@id":"https:\/\/prisco.motive.ink\/#website","url":"https:\/\/prisco.motive.ink\/","name":"jocarestaurant","description":"Pizza verace cilento napoletana","publisher":{"@id":"https:\/\/prisco.motive.ink\/#organization"},"potentialAction":[{"@type":"SearchAction","target":{"@type":"EntryPoint","urlTemplate":"https:\/\/prisco.motive.ink\/?s={search_term_string}"},"query-input":{"@type":"PropertyValueSpecification","valueRequired":true,"valueName":"search_term_string"}}],"inLanguage":"en-GB"},{"@type":"Organization","@id":"https:\/\/prisco.motive.ink\/#organization","name":"Joca","url":"https:\/\/prisco.motive.ink\/","logo":{"@type":"ImageObject","inLanguage":"en-GB","@id":"https:\/\/prisco.motive.ink\/#\/schema\/logo\/image\/","url":"https:\/\/prisco.motive.ink\/wp-content\/uploads\/2024\/02\/joca-asset-logo-00006.svg","contentUrl":"https:\/\/prisco.motive.ink\/wp-content\/uploads\/2024\/02\/joca-asset-logo-00006.svg","width":1,"height":1,"caption":"Joca"},"image":{"@id":"https:\/\/prisco.motive.ink\/#\/schema\/logo\/image\/"},"sameAs":["https:\/\/www.facebook.com\/profile.php?id=61556349261229","https:\/\/www.instagram.com\/joca.restaurant\/"]}]}},"meta_box":{"id_di_fluent_form":"","seleziona_logo":"Standard","colore_dinamico_basic_a":"primary-color","colore_dinamico_basic_b":"base-color","colore_sfondo_basic":"var(--white)","frase_1_basic":"Per tre\u2026 quara\u2026 no, aspetta\u2026 per tanti anni, abbiamo messo a tavola due mondi: il Cilento e Napoli.","frase_2_basic":"Due dialetti, due storie, due sapori, e un miracolo \u2013 noi.","frase_3_basic":"","immagine_basic":[],"mostra_slide_header":"1","gruppo_slide_header":[{"slide_header":["3069"],"slide_header_testo":"testo prova","testo_link_header":"Testo Link","link_slide_header":"Link"}],"mostra_sezione_box":"1","gruppo_box_basic":[{"titolo_box_basic":"prenota","frase_box_basic":"il tuo posto a tavola, ch\u00e9 il forno \u00e8 gi\u00e0 caldo.","testo_box_basic":"<p class=\"p1\">Fallo \u2018sto passo\u2026 che qui ti aspetta la pizza buona.<\/p>","link_bottone_box":"https:\/\/www.localismart.it\/prisco\/consulta\/menu\/167\/men-prisco-a-cava","testo_bottone_box":"prenota","immagine_box_basic":["3036"],"immagine_box_basic_2":["3008"]},{"titolo_box_basic":"prisco menu","frase_box_basic":"Mo\u2019 guarda che t\u2019arriva: \u2018na pizza, \u2018nu piatto, e \u2018nu sorriso.","link_bottone_box":"https:\/\/prisco.motive.ink\/menu-prisco-a-cava","testo_bottone_box":"prisco menu","immagine_box_basic":["3030"],"immagine_box_basic_2":["3014"]},{"titolo_box_basic":"Storia","frase_box_basic":"Non \u00e8 solo pap\u00e0 a far volare la pizza, \u00e8 il suo impasto che racconta di casa, \u00e8 un sorriso fatto a mano.","link_bottone_box":"https:\/\/prisco.motive.ink\/storia\/","immagine_box_basic":["3111"],"immagine_box_basic_2":["3010"]},{"titolo_box_basic":"prisco a cetara","frase_box_basic":"tra mare, profumi e sapori veri","link_bottone_box":"https:\/\/prisco.motive.ink\/menu-prisco-a-cetara","immagine_box_basic":["3158"],"immagine_box_basic_2":["3012"]}],"mostra_sezione_link_download":"1","gruppo_link_basic_it":[{"link_testo_basic_it":"Ristorante","link_url_basic_it":"https:\/\/prisco.motive.ink\/ristorante\/"},{"link_testo_basic_it":"Tapas Bar","link_url_basic_it":"https:\/\/prisco.motive.ink\/tapas-bar\/"}],"gruppo_link_basic_en":[],"gruppo_download_it":[],"gruppo_download_en":[],"mostra_sezione_galleria_video":"0","galleria_video_basic":[],"mostra_sezione_gallery":"0","gallery_basic":[],"mostra_sezione_immagine_full":"0","immagine_full_basic":[],"testo_link_immagine_full_basic":"","url_link_immagine_full_basic":"","frase_immagine_full_basic":"","mostra_banner_basic":"0","gruppo_banner_1_basic":[],"gruppo_banner_2_basic":[],"immagine_grafica_1":[],"immagine_grafica_2":[],"immagine_grafica_3":[],"immagine_grafica_4":[],"articoli_da_mostrare":"","pagina-pagina_to":[],"pagina-articolo_to":[]},"_links":{"self":[{"href":"https:\/\/prisco.motive.ink\/en\/wp-json\/wp\/v2\/pages\/2640","targetHints":{"allow":["GET"]}}],"collection":[{"href":"https:\/\/prisco.motive.ink\/en\/wp-json\/wp\/v2\/pages"}],"about":[{"href":"https:\/\/prisco.motive.ink\/en\/wp-json\/wp\/v2\/types\/page"}],"author":[{"embeddable":true,"href":"https:\/\/prisco.motive.ink\/en\/wp-json\/wp\/v2\/users\/1"}],"replies":[{"embeddable":true,"href":"https:\/\/prisco.motive.ink\/en\/wp-json\/wp\/v2\/comments?post=2640"}],"version-history":[{"count":6,"href":"https:\/\/prisco.motive.ink\/en\/wp-json\/wp\/v2\/pages\/2640\/revisions"}],"predecessor-version":[{"id":3139,"href":"https:\/\/prisco.motive.ink\/en\/wp-json\/wp\/v2\/pages\/2640\/revisions\/3139"}],"wp:featuredmedia":[{"embeddable":true,"href":"https:\/\/prisco.motive.ink\/en\/wp-json\/wp\/v2\/media\/3023"}],"wp:attachment":[{"href":"https:\/\/prisco.motive.ink\/en\/wp-json\/wp\/v2\/media?parent=2640"}],"curies":[{"name":"wp","href":"https:\/\/api.w.org\/{rel}","templated":true}]}}